{"id":2030,"date":"2016-03-02T16:11:13","date_gmt":"2016-03-02T15:11:13","guid":{"rendered":"https:\/\/gbanga.com\/?page_id=2030"},"modified":"2018-09-11T09:26:36","modified_gmt":"2018-09-11T07:26:36","slug":"art","status":"publish","type":"page","link":"https:\/\/gbanga.com\/de\/art\/","title":{"rendered":"GbangArt \u2014 Gbanga&#8217;s Werklinie f\u00fcr Games mit k\u00fcnstlerischem Anspruch"},"content":{"rendered":"<p style=\"text-align: center;\">\n<p style=\"text-align: center;\"><em>GbangArt<\/em> ist Gbanga&#8217;s\u00a0Werklinie mit k\u00fcnstlerischem Anspruch.<\/p>","protected":false},"excerpt":{"rendered":"<p>GbangArt ist Gbanga&#8217;s\u00a0Werklinie mit k\u00fcnstlerischem Anspruch.<\/p>\n","protected":false},"author":1,"featured_media":0,"parent":0,"menu_order":6,"comment_status":"closed","ping_status":"closed","template":"","meta":{"footnotes":"","_links_to":"","_links_to_target":""},"categories":[8,3],"tags":[192,190,126,191],"class_list":{"0":"post-2030","1":"page","2":"type-page","3":"status-publish","5":"category-art","6":"category-game","7":"tag-art","8":"tag-art-game","9":"tag-game","10":"tag-game-art"},"yoast_head":"<!-- This site is optimized with the Yoast SEO plugin v27.4 - https:\/\/yoast.com\/product\/yoast-seo-wordpress\/ -->\n<title>GbangArt \u2014 Gbanga&#039;s Werklinie f\u00fcr Games mit k\u00fcnstlerischem Anspruch - Gbanga, Agentur f\u00fcr Virtual Reality, Augmented Reality, Metaverse und mobile Games<\/title>\n<meta name=\"robots\" content=\"index, follow, max-snippet:-1, max-image-preview:large, max-video-preview:-1\" \/>\n<link rel=\"canonical\" href=\"https:\/\/gbanga.com\/art\/\" \/>\n<meta property=\"og:locale\" content=\"de_DE\" \/>\n<meta property=\"og:type\" content=\"article\" \/>\n<meta property=\"og:title\" content=\"GbangArt \u2014 Gbanga&#039;s Werklinie f\u00fcr Games mit k\u00fcnstlerischem Anspruch - Gbanga, Agentur f\u00fcr Virtual Reality, Augmented Reality, Metaverse und mobile Games\" \/>\n<meta property=\"og:description\" content=\"GbangArt ist Gbanga&#8217;s\u00a0Werklinie mit k\u00fcnstlerischem Anspruch.\" \/>\n<meta property=\"og:url\" content=\"https:\/\/gbanga.com\/art\/\" \/>\n<meta property=\"og:site_name\" content=\"Gbanga, Agentur f\u00fcr Virtual Reality, Augmented Reality, Metaverse und mobile Games\" \/>\n<meta property=\"article:modified_time\" content=\"2018-09-11T07:26:36+00:00\" \/>\n<meta property=\"og:image\" content=\"https:\/\/gbanga.com\/wp-content\/uploads\/2018\/10\/twitter_header_1500x500_motive.png\" \/>\n\t<meta property=\"og:image:width\" content=\"1500\" \/>\n\t<meta property=\"og:image:height\" content=\"500\" \/>\n\t<meta property=\"og:image:type\" content=\"image\/png\" \/>\n<meta name=\"twitter:card\" content=\"summary_large_image\" \/>\n<script type=\"application\/ld+json\" class=\"yoast-schema-graph\">{\"@context\":\"https:\\\/\\\/schema.org\",\"@graph\":[{\"@type\":\"WebPage\",\"@id\":\"https:\\\/\\\/gbanga.com\\\/art\\\/\",\"url\":\"https:\\\/\\\/gbanga.com\\\/art\\\/\",\"name\":\"GbangArt \u2014 Gbanga's Werklinie f\u00fcr Games mit k\u00fcnstlerischem Anspruch - Gbanga, Agentur f\u00fcr Virtual Reality, Augmented Reality, Metaverse und mobile Games\",\"isPartOf\":{\"@id\":\"https:\\\/\\\/gbanga.com\\\/#website\"},\"datePublished\":\"2016-03-02T15:11:13+00:00\",\"dateModified\":\"2018-09-11T07:26:36+00:00\",\"breadcrumb\":{\"@id\":\"https:\\\/\\\/gbanga.com\\\/art\\\/#breadcrumb\"},\"inLanguage\":\"de\",\"potentialAction\":[{\"@type\":\"ReadAction\",\"target\":[\"https:\\\/\\\/gbanga.com\\\/art\\\/\"]}]},{\"@type\":\"BreadcrumbList\",\"@id\":\"https:\\\/\\\/gbanga.com\\\/art\\\/#breadcrumb\",\"itemListElement\":[{\"@type\":\"ListItem\",\"position\":1,\"name\":\"Home\",\"item\":\"https:\\\/\\\/gbanga.com\\\/\"},{\"@type\":\"ListItem\",\"position\":2,\"name\":\"GbangArt \u2014 Gbanga&#8217;s branch for games with an artsy touch\"}]},{\"@type\":\"WebSite\",\"@id\":\"https:\\\/\\\/gbanga.com\\\/#website\",\"url\":\"https:\\\/\\\/gbanga.com\\\/\",\"name\":\"Gbanga, Agentur f\u00fcr Virtual Reality, Augmented Reality, Metaverse und mobile Games\",\"description\":\"Gbanga develops mixed-reality games in Switzerland.\",\"publisher\":{\"@id\":\"https:\\\/\\\/gbanga.com\\\/#organization\"},\"potentialAction\":[{\"@type\":\"SearchAction\",\"target\":{\"@type\":\"EntryPoint\",\"urlTemplate\":\"https:\\\/\\\/gbanga.com\\\/?s={search_term_string}\"},\"query-input\":{\"@type\":\"PropertyValueSpecification\",\"valueRequired\":true,\"valueName\":\"search_term_string\"}}],\"inLanguage\":\"de\"},{\"@type\":\"Organization\",\"@id\":\"https:\\\/\\\/gbanga.com\\\/#organization\",\"name\":\"Gbanga\",\"url\":\"https:\\\/\\\/gbanga.com\\\/\",\"logo\":{\"@type\":\"ImageObject\",\"inLanguage\":\"de\",\"@id\":\"https:\\\/\\\/gbanga.com\\\/#\\\/schema\\\/logo\\\/image\\\/\",\"url\":\"https:\\\/\\\/gbanga.ch\\\/wp-content\\\/uploads\\\/2018\\\/10\\\/gbanga_logo_pink_2048.png\",\"contentUrl\":\"https:\\\/\\\/gbanga.ch\\\/wp-content\\\/uploads\\\/2018\\\/10\\\/gbanga_logo_pink_2048.png\",\"width\":2048,\"height\":624,\"caption\":\"Gbanga\"},\"image\":{\"@id\":\"https:\\\/\\\/gbanga.com\\\/#\\\/schema\\\/logo\\\/image\\\/\"}}]}<\/script>\n<!-- \/ Yoast SEO plugin. -->","yoast_head_json":{"title":"GbangArt \u2014 Gbanga's Werklinie f\u00fcr Games mit k\u00fcnstlerischem Anspruch - Gbanga, Agentur f\u00fcr Virtual Reality, Augmented Reality, Metaverse und mobile Games","robots":{"index":"index","follow":"follow","max-snippet":"max-snippet:-1","max-image-preview":"max-image-preview:large","max-video-preview":"max-video-preview:-1"},"canonical":"https:\/\/gbanga.com\/art\/","og_locale":"de_DE","og_type":"article","og_title":"GbangArt \u2014 Gbanga's Werklinie f\u00fcr Games mit k\u00fcnstlerischem Anspruch - Gbanga, Agentur f\u00fcr Virtual Reality, Augmented Reality, Metaverse und mobile Games","og_description":"GbangArt ist Gbanga&#8217;s\u00a0Werklinie mit k\u00fcnstlerischem Anspruch.","og_url":"https:\/\/gbanga.com\/art\/","og_site_name":"Gbanga, Agentur f\u00fcr Virtual Reality, Augmented Reality, Metaverse und mobile Games","article_modified_time":"2018-09-11T07:26:36+00:00","og_image":[{"width":1500,"height":500,"url":"https:\/\/gbanga.com\/wp-content\/uploads\/2018\/10\/twitter_header_1500x500_motive.png","type":"image\/png"}],"twitter_card":"summary_large_image","schema":{"@context":"https:\/\/schema.org","@graph":[{"@type":"WebPage","@id":"https:\/\/gbanga.com\/art\/","url":"https:\/\/gbanga.com\/art\/","name":"GbangArt \u2014 Gbanga's Werklinie f\u00fcr Games mit k\u00fcnstlerischem Anspruch - Gbanga, Agentur f\u00fcr Virtual Reality, Augmented Reality, Metaverse und mobile Games","isPartOf":{"@id":"https:\/\/gbanga.com\/#website"},"datePublished":"2016-03-02T15:11:13+00:00","dateModified":"2018-09-11T07:26:36+00:00","breadcrumb":{"@id":"https:\/\/gbanga.com\/art\/#breadcrumb"},"inLanguage":"de","potentialAction":[{"@type":"ReadAction","target":["https:\/\/gbanga.com\/art\/"]}]},{"@type":"BreadcrumbList","@id":"https:\/\/gbanga.com\/art\/#breadcrumb","itemListElement":[{"@type":"ListItem","position":1,"name":"Home","item":"https:\/\/gbanga.com\/"},{"@type":"ListItem","position":2,"name":"GbangArt \u2014 Gbanga&#8217;s branch for games with an artsy touch"}]},{"@type":"WebSite","@id":"https:\/\/gbanga.com\/#website","url":"https:\/\/gbanga.com\/","name":"Gbanga, Agentur f\u00fcr Virtual Reality, Augmented Reality, Metaverse und mobile Games","description":"Gbanga develops mixed-reality games in Switzerland.","publisher":{"@id":"https:\/\/gbanga.com\/#organization"},"potentialAction":[{"@type":"SearchAction","target":{"@type":"EntryPoint","urlTemplate":"https:\/\/gbanga.com\/?s={search_term_string}"},"query-input":{"@type":"PropertyValueSpecification","valueRequired":true,"valueName":"search_term_string"}}],"inLanguage":"de"},{"@type":"Organization","@id":"https:\/\/gbanga.com\/#organization","name":"Gbanga","url":"https:\/\/gbanga.com\/","logo":{"@type":"ImageObject","inLanguage":"de","@id":"https:\/\/gbanga.com\/#\/schema\/logo\/image\/","url":"https:\/\/gbanga.ch\/wp-content\/uploads\/2018\/10\/gbanga_logo_pink_2048.png","contentUrl":"https:\/\/gbanga.ch\/wp-content\/uploads\/2018\/10\/gbanga_logo_pink_2048.png","width":2048,"height":624,"caption":"Gbanga"},"image":{"@id":"https:\/\/gbanga.com\/#\/schema\/logo\/image\/"}}]}},"_links":{"self":[{"href":"https:\/\/gbanga.com\/de\/wp-json\/wp\/v2\/pages\/2030","targetHints":{"allow":["GET"]}}],"collection":[{"href":"https:\/\/gbanga.com\/de\/wp-json\/wp\/v2\/pages"}],"about":[{"href":"https:\/\/gbanga.com\/de\/wp-json\/wp\/v2\/types\/page"}],"author":[{"embeddable":true,"href":"https:\/\/gbanga.com\/de\/wp-json\/wp\/v2\/users\/1"}],"replies":[{"embeddable":true,"href":"https:\/\/gbanga.com\/de\/wp-json\/wp\/v2\/comments?post=2030"}],"version-history":[{"count":4,"href":"https:\/\/gbanga.com\/de\/wp-json\/wp\/v2\/pages\/2030\/revisions"}],"predecessor-version":[{"id":2034,"href":"https:\/\/gbanga.com\/de\/wp-json\/wp\/v2\/pages\/2030\/revisions\/2034"}],"wp:attachment":[{"href":"https:\/\/gbanga.com\/de\/wp-json\/wp\/v2\/media?parent=2030"}],"wp:term":[{"taxonomy":"category","embeddable":true,"href":"https:\/\/gbanga.com\/de\/wp-json\/wp\/v2\/categories?post=2030"},{"taxonomy":"post_tag","embeddable":true,"href":"https:\/\/gbanga.com\/de\/wp-json\/wp\/v2\/tags?post=2030"}],"curies":[{"name":"wp","href":"https:\/\/api.w.org\/{rel}","templated":true}]}}